{"id":7,"date":"2025-10-15T16:39:31","date_gmt":"2025-10-15T14:39:31","guid":{"rendered":"https:\/\/hydrostop.pl\/blog\/?page_id=7"},"modified":"2026-03-10T14:49:10","modified_gmt":"2026-03-10T13:49:10","slug":"strona-domowa","status":"publish","type":"page","link":"https:\/\/hydrostop.pl\/blog\/","title":{"rendered":"Strona domowa"},"content":{"rendered":"\n<div class=\"wp-block-group alignfull has-ast-global-color-4-background-color has-background is-layout-constrained wp-container-core-group-is-layout-5fb0786f wp-block-group-is-layout-constrained\" id=\"reviews\">\n<p class=\"has-text-align-left has-text-color has-link-color has-roboto-font-family wp-elements-cc9a26071b6ce2568b02276a66daf07a\" style=\"border-top-style:none;border-top-width:0px;border-right-style:none;border-right-width:0px;border-bottom-color:#b4c2d2;border-bottom-width:1px;border-left-style:none;border-left-width:0px;color:#05366b;padding-bottom:var(--wp--preset--spacing--30);font-size:27px;font-style:normal;font-weight:700;text-transform:uppercase\">Blog<\/p>\n\n\n<ul class=\"wp-block-latest-posts__list wp-block-latest-posts\"><li><div class=\"wp-block-latest-posts__featured-image alignleft\"><img loading=\"lazy\" decoding=\"async\" width=\"300\" height=\"225\" src=\"https:\/\/hydrostop.pl\/blog\/wp-content\/uploads\/2026\/04\/zielony-dach-300x225.jpg\" class=\"attachment-medium size-medium wp-post-image\" alt=\"\" style=\"\" srcset=\"https:\/\/hydrostop.pl\/blog\/wp-content\/uploads\/2026\/04\/zielony-dach-300x225.jpg 300w, https:\/\/hydrostop.pl\/blog\/wp-content\/uploads\/2026\/04\/zielony-dach-1024x768.jpg 1024w, https:\/\/hydrostop.pl\/blog\/wp-content\/uploads\/2026\/04\/zielony-dach-768x576.jpg 768w, https:\/\/hydrostop.pl\/blog\/wp-content\/uploads\/2026\/04\/zielony-dach.jpg 1440w\" sizes=\"auto, (max-width: 300px) 100vw, 300px\" title=\"\"><\/div><a class=\"wp-block-latest-posts__post-title\" href=\"https:\/\/hydrostop.pl\/blog\/zielone-dachy-i-tarasy-hydroizolacja-w-systemach-odwroconych\/\">Zielone dachy i tarasy \u2013 hydroizolacja w systemach odwr\u00f3conych<\/a><div class=\"wp-block-latest-posts__post-excerpt\">Zielony dach to jeden z trend\u00f3w, kt\u00f3ry w ostatnich latach na trwa\u0142e zago\u015bci\u0142 w nowoczesnym budownictwie \u2013 zar\u00f3wno mieszkaniowym, jak i komercyjnym. Kusz\u0105 estetyk\u0105, poprawiaj\u0105 retencj\u0119 w\u00f3d opadowych i obni\u017caj\u0105 temperatur\u0119 budynku latem. W praktyce jednak zielony dach to z\u0142o\u017cony system warstw, kt\u00f3ry bez w\u0142a\u015bciwej hydroizolacji dachu odwr\u00f3conego mo\u017ce sta\u0107 si\u0119 \u017ar\u00f3d\u0142em powa\u017cnych i kosztownych\u2026 <a class=\"wp-block-latest-posts__read-more\" href=\"https:\/\/hydrostop.pl\/blog\/zielone-dachy-i-tarasy-hydroizolacja-w-systemach-odwroconych\/\" rel=\"noopener noreferrer\">Dowiedz si\u0119 wi\u0119cej<span class=\"screen-reader-text\">: Zielone dachy i tarasy \u2013 hydroizolacja w systemach odwr\u00f3conych<\/span><\/a><\/div><\/li>\n<li><div class=\"wp-block-latest-posts__featured-image alignleft\"><img loading=\"lazy\" decoding=\"async\" width=\"300\" height=\"225\" src=\"https:\/\/hydrostop.pl\/blog\/wp-content\/uploads\/2026\/04\/zielona-poznan-300x225.jpg\" class=\"attachment-medium size-medium wp-post-image\" alt=\"\" style=\"\" srcset=\"https:\/\/hydrostop.pl\/blog\/wp-content\/uploads\/2026\/04\/zielona-poznan-300x225.jpg 300w, https:\/\/hydrostop.pl\/blog\/wp-content\/uploads\/2026\/04\/zielona-poznan-1024x768.jpg 1024w, https:\/\/hydrostop.pl\/blog\/wp-content\/uploads\/2026\/04\/zielona-poznan-768x576.jpg 768w, https:\/\/hydrostop.pl\/blog\/wp-content\/uploads\/2026\/04\/zielona-poznan.jpg 1440w\" sizes=\"auto, (max-width: 300px) 100vw, 300px\" title=\"\"><\/div><a class=\"wp-block-latest-posts__post-title\" href=\"https:\/\/hydrostop.pl\/blog\/biala-wanna-technologia-przyszlosci-czy-pulapka-jak-uniknac-kosztownych-bledow\/\">Bia\u0142a wanna \u2013 technologia przysz\u0142o\u015bci czy pu\u0142apka? Jak unikn\u0105\u0107 kosztownych b\u0142\u0119d\u00f3w<\/a><div class=\"wp-block-latest-posts__post-excerpt\">Bia\u0142a wanna kusi prostot\u0105 i oszcz\u0119dno\u015bciami \u2013 ale czy naprawd\u0119 chroni budynek na lata? Coraz wi\u0119cej inwestor\u00f3w przekonuje si\u0119, \u017ce brak zewn\u0119trznej hydroizolacji to decyzja, kt\u00f3rej koszty ujawniaj\u0105 si\u0119 dopiero po odbiorze budynku: w postaci przeciek\u00f3w, iniekcji naprawczych i spor\u00f3w z wykonawcami. W tym artykule wyja\u015bniamy, na czym polega technologia bia\u0142ej wanny, gdzie le\u017c\u0105 jej\u2026 <a class=\"wp-block-latest-posts__read-more\" href=\"https:\/\/hydrostop.pl\/blog\/biala-wanna-technologia-przyszlosci-czy-pulapka-jak-uniknac-kosztownych-bledow\/\" rel=\"noopener noreferrer\">Dowiedz si\u0119 wi\u0119cej<span class=\"screen-reader-text\">: Bia\u0142a wanna \u2013 technologia przysz\u0142o\u015bci czy pu\u0142apka? Jak unikn\u0105\u0107 kosztownych b\u0142\u0119d\u00f3w<\/span><\/a><\/div><\/li>\n<li><div class=\"wp-block-latest-posts__featured-image alignleft\"><img loading=\"lazy\" decoding=\"async\" width=\"300\" height=\"225\" src=\"https:\/\/hydrostop.pl\/blog\/wp-content\/uploads\/2026\/04\/swiatowida-activ-300x225.jpg\" class=\"attachment-medium size-medium wp-post-image\" alt=\"\" style=\"\" srcset=\"https:\/\/hydrostop.pl\/blog\/wp-content\/uploads\/2026\/04\/swiatowida-activ-300x225.jpg 300w, https:\/\/hydrostop.pl\/blog\/wp-content\/uploads\/2026\/04\/swiatowida-activ-1024x768.jpg 1024w, https:\/\/hydrostop.pl\/blog\/wp-content\/uploads\/2026\/04\/swiatowida-activ-768x576.jpg 768w, https:\/\/hydrostop.pl\/blog\/wp-content\/uploads\/2026\/04\/swiatowida-activ.jpg 1440w\" sizes=\"auto, (max-width: 300px) 100vw, 300px\" title=\"\"><\/div><a class=\"wp-block-latest-posts__post-title\" href=\"https:\/\/hydrostop.pl\/blog\/beton-wodoszczelny-jak-dziala-technologia-krystalizacji\/\">Beton wodoszczelny \u2013 jak dzia\u0142a technologia krystalizacji?<\/a><div class=\"wp-block-latest-posts__post-excerpt\">Beton wodoszczelny to dzi\u015b standard w budownictwie podziemnym, hydrotechnicznym i wsz\u0119dzie tam, gdzie konstrukcja styka si\u0119 z wod\u0105 gruntow\u0105 lub opadow\u0105. Jednak nie ka\u017cdy rodzaj uszczelnienia dzia\u0142a tak samo skutecznie i trwale. Technologia krystalizacji rewolucjonizuje podej\u015bcie do szczelno\u015bci betonu \u2013 zamiast nak\u0142ada\u0107 bariery na zewn\u0105trz, uszczelnia materia\u0142 od \u015brodka.&nbsp; W tym artykule wyja\u015bniamy, na czym\u2026 <a class=\"wp-block-latest-posts__read-more\" href=\"https:\/\/hydrostop.pl\/blog\/beton-wodoszczelny-jak-dziala-technologia-krystalizacji\/\" rel=\"noopener noreferrer\">Dowiedz si\u0119 wi\u0119cej<span class=\"screen-reader-text\">: Beton wodoszczelny \u2013 jak dzia\u0142a technologia krystalizacji?<\/span><\/a><\/div><\/li>\n<li><div class=\"wp-block-latest-posts__featured-image alignleft\"><img loading=\"lazy\" decoding=\"async\" width=\"300\" height=\"225\" src=\"https:\/\/hydrostop.pl\/blog\/wp-content\/uploads\/2026\/01\/Samoregeneracja-uszczelnienia-300x225.webp\" class=\"attachment-medium size-medium wp-post-image\" alt=\"\" style=\"\" srcset=\"https:\/\/hydrostop.pl\/blog\/wp-content\/uploads\/2026\/01\/Samoregeneracja-uszczelnienia-300x225.webp 300w, https:\/\/hydrostop.pl\/blog\/wp-content\/uploads\/2026\/01\/Samoregeneracja-uszczelnienia-1024x768.webp 1024w, https:\/\/hydrostop.pl\/blog\/wp-content\/uploads\/2026\/01\/Samoregeneracja-uszczelnienia-768x576.webp 768w, https:\/\/hydrostop.pl\/blog\/wp-content\/uploads\/2026\/01\/Samoregeneracja-uszczelnienia.webp 1440w\" sizes=\"auto, (max-width: 300px) 100vw, 300px\" title=\"\"><\/div><a class=\"wp-block-latest-posts__post-title\" href=\"https:\/\/hydrostop.pl\/blog\/samoregeneracja-uszczelnienia-science-fiction-czy-rzeczywistosc\/\">Samoregeneracja uszczelnienia \u2013 science fiction czy rzeczywisto\u015b\u0107?<\/a><div class=\"wp-block-latest-posts__post-excerpt\">Czy izolacja fundamentu mo\u017ce samodzielnie doszczelnia\u0107 powstaj\u0105ce zarysowania? Tak, w Hydrostop od lat rozwijamy i wdra\u017camy systemy hydroizolacyjne, kt\u00f3re nie tylko chroni\u0105 konstrukcj\u0119 przed wilgoci\u0105, ale aktywnie reaguj\u0105 na pojawiaj\u0105ce si\u0119 rysy \u2013 zapewniaj\u0105c trwa\u0142\u0105 szczelno\u015b\u0107 bez konieczno\u015bci interwencji serwisowej. Samoregeneracja nie jest efektem mechanicznej \u201esamonaprawy&#8221;. To kontrolowany proces krystalizacji aktywnych sk\u0142adnik\u00f3w uszczelniaj\u0105cych, kt\u00f3re w\u2026 <a class=\"wp-block-latest-posts__read-more\" href=\"https:\/\/hydrostop.pl\/blog\/samoregeneracja-uszczelnienia-science-fiction-czy-rzeczywistosc\/\" rel=\"noopener noreferrer\">Dowiedz si\u0119 wi\u0119cej<span class=\"screen-reader-text\">: Samoregeneracja uszczelnienia \u2013 science fiction czy rzeczywisto\u015b\u0107?<\/span><\/a><\/div><\/li>\n<li><div class=\"wp-block-latest-posts__featured-image alignleft\"><img loading=\"lazy\" decoding=\"async\" width=\"300\" height=\"225\" src=\"https:\/\/hydrostop.pl\/blog\/wp-content\/uploads\/2026\/01\/Zawilgocony-garaz-podziemny-300x225.webp\" class=\"attachment-medium size-medium wp-post-image\" alt=\"\" style=\"\" srcset=\"https:\/\/hydrostop.pl\/blog\/wp-content\/uploads\/2026\/01\/Zawilgocony-garaz-podziemny-300x225.webp 300w, https:\/\/hydrostop.pl\/blog\/wp-content\/uploads\/2026\/01\/Zawilgocony-garaz-podziemny-1024x768.webp 1024w, https:\/\/hydrostop.pl\/blog\/wp-content\/uploads\/2026\/01\/Zawilgocony-garaz-podziemny-768x576.webp 768w, https:\/\/hydrostop.pl\/blog\/wp-content\/uploads\/2026\/01\/Zawilgocony-garaz-podziemny.webp 1440w\" sizes=\"auto, (max-width: 300px) 100vw, 300px\" title=\"\"><\/div><a class=\"wp-block-latest-posts__post-title\" href=\"https:\/\/hydrostop.pl\/blog\/zawilgocony-garaz-podziemny-skad-bierze-sie-woda-i-jak-to-zatrzymac\/\">Zawilgocony gara\u017c podziemny \u2013 sk\u0105d bierze si\u0119 woda i jak to zatrzyma\u0107?<\/a><div class=\"wp-block-latest-posts__post-excerpt\">Wilgo\u0107 w gara\u017cu podziemnym to nie tylko problem estetyczny. To sygna\u0142, \u017ce konstrukcja obiektu traci szczelno\u015b\u0107, a system hydroizolacji nie spe\u0142nia swojej funkcji. Zacieki na \u015bcianach, woda s\u0105cz\u0105ca si\u0119 z dylatacji, mokre plamy na posadzce czy wykwity solne \u2013 to pierwsze objawy, kt\u00f3rych nie wolno ignorowa\u0107. W Hydrostop od lat specjalizujemy si\u0119 w systemowych uszczelnieniach\u2026 <a class=\"wp-block-latest-posts__read-more\" href=\"https:\/\/hydrostop.pl\/blog\/zawilgocony-garaz-podziemny-skad-bierze-sie-woda-i-jak-to-zatrzymac\/\" rel=\"noopener noreferrer\">Dowiedz si\u0119 wi\u0119cej<span class=\"screen-reader-text\">: Zawilgocony gara\u017c podziemny \u2013 sk\u0105d bierze si\u0119 woda i jak to zatrzyma\u0107?<\/span><\/a><\/div><\/li>\n<\/ul><\/div>\n","protected":false},"excerpt":{"rendered":"<p>Blog<\/p>\n","protected":false},"author":1,"featured_media":0,"parent":0,"menu_order":0,"comment_status":"closed","ping_status":"closed","template":"","meta":{"site-sidebar-layout":"no-sidebar","site-content-layout":"plain-container","ast-site-content-layout":"normal-width-container","site-content-style":"boxed","site-sidebar-style":"default","ast-global-header-display":"","ast-banner-title-visibility":"","ast-main-header-display":"","ast-hfb-above-header-display":"","ast-hfb-below-header-display":"","ast-hfb-mobile-header-display":"","site-post-title":"disabled","ast-breadcrumbs-content":"","ast-featured-img":"","footer-sml-layout":"","theme-transparent-header-meta":"default","adv-header-id-meta":"","stick-header-meta":"","header-above-stick-meta":"","header-main-stick-meta":"","header-below-stick-meta":"","astra-migrate-meta-layouts":"default","ast-page-background-enabled":"default","ast-page-background-meta":{"desktop":{"background-color":"var(--ast-global-color-5)","background-image":"","background-repeat":"repeat","background-position":"center center","background-size":"auto","background-attachment":"scroll","background-type":"","background-media":"","overlay-type":"","overlay-color":"","overlay-opacity":"","overlay-gradient":""},"tablet":{"background-color":"","background-image":"","background-repeat":"repeat","background-position":"center center","background-size":"auto","background-attachment":"scroll","background-type":"","background-media":"","overlay-type":"","overlay-color":"","overlay-opacity":"","overlay-gradient":""},"mobile":{"background-color":"","background-image":"","background-repeat":"repeat","background-position":"center center","background-size":"auto","background-attachment":"scroll","background-type":"","background-media":"","overlay-type":"","overlay-color":"","overlay-opacity":"","overlay-gradient":""}},"ast-content-background-meta":{"desktop":{"background-color":"var(--ast-global-color-4)","background-image":"","background-repeat":"repeat","background-position":"center center","background-size":"auto","background-attachment":"scroll","background-type":"","background-media":"","overlay-type":"","overlay-color":"","overlay-opacity":"","overlay-gradient":""},"tablet":{"background-color":"var(--ast-global-color-4)","background-image":"","background-repeat":"repeat","background-position":"center center","background-size":"auto","background-attachment":"scroll","background-type":"","background-media":"","overlay-type":"","overlay-color":"","overlay-opacity":"","overlay-gradient":""},"mobile":{"background-color":"var(--ast-global-color-4)","background-image":"","background-repeat":"repeat","background-position":"center center","background-size":"auto","background-attachment":"scroll","background-type":"","background-media":"","overlay-type":"","overlay-color":"","overlay-opacity":"","overlay-gradient":""}},"footnotes":""},"class_list":["post-7","page","type-page","status-publish","hentry"],"_links":{"self":[{"href":"https:\/\/hydrostop.pl\/blog\/wp-json\/wp\/v2\/pages\/7","targetHints":{"allow":["GET"]}}],"collection":[{"href":"https:\/\/hydrostop.pl\/blog\/wp-json\/wp\/v2\/pages"}],"about":[{"href":"https:\/\/hydrostop.pl\/blog\/wp-json\/wp\/v2\/types\/page"}],"author":[{"embeddable":true,"href":"https:\/\/hydrostop.pl\/blog\/wp-json\/wp\/v2\/users\/1"}],"replies":[{"embeddable":true,"href":"https:\/\/hydrostop.pl\/blog\/wp-json\/wp\/v2\/comments?post=7"}],"version-history":[{"count":13,"href":"https:\/\/hydrostop.pl\/blog\/wp-json\/wp\/v2\/pages\/7\/revisions"}],"predecessor-version":[{"id":531,"href":"https:\/\/hydrostop.pl\/blog\/wp-json\/wp\/v2\/pages\/7\/revisions\/531"}],"wp:attachment":[{"href":"https:\/\/hydrostop.pl\/blog\/wp-json\/wp\/v2\/media?parent=7"}],"curies":[{"name":"wp","href":"https:\/\/api.w.org\/{rel}","templated":true}]}}